{"id":5155,"date":"2020-07-20T11:07:20","date_gmt":"2020-07-20T09:07:20","guid":{"rendered":"http:\/\/www.semlh-morbihan.fr\/wordpress\/?page_id=5155"},"modified":"2022-05-13T12:21:38","modified_gmt":"2022-05-13T10:21:38","slug":"organisation-detaillee-du-comite-de-pontivy","status":"publish","type":"page","link":"http:\/\/www.semlh-morbihan.fr\/wordpress\/organisation-detaillee-du-comite-de-pontivy\/","title":{"rendered":"Organisation d\u00e9taill\u00e9e du comit\u00e9 de Pontivy"},"content":{"rendered":"Vous devez \u00eatre connect\u00e9 pour voir ce contenu.","protected":true},"excerpt":{"rendered":"Vous devez \u00eatre connect\u00e9 pour voir ce contenu.","protected":true},"author":329,"featured_media":0,"parent":0,"menu_order":0,"comment_status":"closed","ping_status":"closed","template":"","meta":{"footnotes":""},"class_list":["post-5155","page","type-page","status-publish","post-password-required","hentry"],"_links":{"self":[{"href":"http:\/\/www.semlh-morbihan.fr\/wordpress\/wp-json\/wp\/v2\/pages\/5155","targetHints":{"allow":["GET"]}}],"collection":[{"href":"http:\/\/www.semlh-morbihan.fr\/wordpress\/wp-json\/wp\/v2\/pages"}],"about":[{"href":"http:\/\/www.semlh-morbihan.fr\/wordpress\/wp-json\/wp\/v2\/types\/page"}],"author":[{"embeddable":true,"href":"http:\/\/www.semlh-morbihan.fr\/wordpress\/wp-json\/wp\/v2\/users\/329"}],"replies":[{"embeddable":true,"href":"http:\/\/www.semlh-morbihan.fr\/wordpress\/wp-json\/wp\/v2\/comments?post=5155"}],"version-history":[{"count":4,"href":"http:\/\/www.semlh-morbihan.fr\/wordpress\/wp-json\/wp\/v2\/pages\/5155\/revisions"}],"predecessor-version":[{"id":7795,"href":"http:\/\/www.semlh-morbihan.fr\/wordpress\/wp-json\/wp\/v2\/pages\/5155\/revisions\/7795"}],"wp:attachment":[{"href":"http:\/\/www.semlh-morbihan.fr\/wordpress\/wp-json\/wp\/v2\/media?parent=5155"}],"curies":[{"name":"wp","href":"https:\/\/api.w.org\/{rel}","templated":true}]}}