{"id":6656,"date":"2021-11-25T17:32:35","date_gmt":"2021-11-25T16:32:35","guid":{"rendered":"http:\/\/www.semlh-morbihan.fr\/wordpress\/?page_id=6656"},"modified":"2022-04-07T11:56:51","modified_gmt":"2022-04-07T09:56:51","slug":"organisation-detaillee-du-comite-du-pays-de-vannes","status":"publish","type":"page","link":"http:\/\/www.semlh-morbihan.fr\/wordpress\/organisation-detaillee-du-comite-du-pays-de-vannes\/","title":{"rendered":"Organisation d\u00e9taill\u00e9e du comit\u00e9 du pays de Vannes"},"content":{"rendered":"","protected":true},"excerpt":{"rendered":"","protected":true},"author":329,"featured_media":0,"parent":0,"menu_order":0,"comment_status":"closed","ping_status":"closed","template":"","meta":{"footnotes":""},"class_list":["post-6656","page","type-page","status-publish","post-password-required","hentry"],"_links":{"self":[{"href":"http:\/\/www.semlh-morbihan.fr\/wordpress\/wp-json\/wp\/v2\/pages\/6656","targetHints":{"allow":["GET"]}}],"collection":[{"href":"http:\/\/www.semlh-morbihan.fr\/wordpress\/wp-json\/wp\/v2\/pages"}],"about":[{"href":"http:\/\/www.semlh-morbihan.fr\/wordpress\/wp-json\/wp\/v2\/types\/page"}],"author":[{"embeddable":true,"href":"http:\/\/www.semlh-morbihan.fr\/wordpress\/wp-json\/wp\/v2\/users\/329"}],"replies":[{"embeddable":true,"href":"http:\/\/www.semlh-morbihan.fr\/wordpress\/wp-json\/wp\/v2\/comments?post=6656"}],"version-history":[{"count":4,"href":"http:\/\/www.semlh-morbihan.fr\/wordpress\/wp-json\/wp\/v2\/pages\/6656\/revisions"}],"predecessor-version":[{"id":6662,"href":"http:\/\/www.semlh-morbihan.fr\/wordpress\/wp-json\/wp\/v2\/pages\/6656\/revisions\/6662"}],"wp:attachment":[{"href":"http:\/\/www.semlh-morbihan.fr\/wordpress\/wp-json\/wp\/v2\/media?parent=6656"}],"curies":[{"name":"wp","href":"https:\/\/api.w.org\/{rel}","templated":true}]}}